{"id":59,"date":"2020-11-20T02:46:14","date_gmt":"2020-11-20T05:46:14","guid":{"rendered":"https:\/\/www.pantanet.com.ar\/?post_type=product&#038;p=59"},"modified":"2022-10-08T00:30:39","modified_gmt":"2022-10-08T03:30:39","slug":"mouse-logitech-m170-wireless-azul","status":"publish","type":"product","link":"https:\/\/www.pantanet.com.ar\/?product=mouse-logitech-m170-wireless-azul","title":{"rendered":"Mouse Logitech M170 Wireless Azul"},"content":{"rendered":"<div>Mouse Logitech M170 Wireless Azul &#8211; Logitech<\/div>\n<div><\/div>\n<div>C\u00f3modo y port\u00e1til<\/div>\n<div><\/div>\n<div>La forma del mouse ofrece un c\u00f3modo soporte para la mano durante horas y horas de uso. El dise\u00f1o ambidiestro y la posibilidad de reasignar las funciones de los botones derecho e izquierdo hacen que M170 sean los mouse ideales para cualquier mano.<\/div>\n<div><\/div>\n<div>\u00b7 \/\/COMPATIBILIDADES Y USOS<\/div>\n<div><\/div>\n<div>Tecnolog\u00eda inal\u00e1mbrica fiable de 2,4 GHz<\/div>\n<div><\/div>\n<div>S\u00f3lida conexi\u00f3n inal\u00e1mbrica estable a distancias de hasta 10 metros (33 ft). Sin apenas retrasos ni interferencias, el juego y el trabajo ser\u00e1n m\u00e1s previsibles.<\/div>\n<div><\/div>\n<div>Pruebas realizadas a una distancia de 10 metros. El radio de acci\u00f3n inal\u00e1mbrico puede variar ligeramente seg\u00fan las condiciones del equipo y el entorno.<\/div>\n<div><\/div>\n<div><\/div>\n<div>Conexi\u00f3n Plug and Play<\/div>\n<div><\/div>\n<div>El mouse inal\u00e1mbrico M170 es realmente Plug and Play. Inserta el receptor en un puerto USB de la computadora y ya puedes empezar a usarlo. No hace falta emparejar el mouse ni descargar software para empezar a usarlo.1<\/div>\n<div><\/div>\n<div><\/div>\n<div>\u00b7 \/\/ESPECIFICACIONES T\u00c9CNICAS<\/div>\n<div><\/div>\n<div>Dimensiones:<\/div>\n<div>*alto: 97,7 mm (3,85 in)<\/div>\n<div>*ancho: 61,5 mm (2,42 in)<\/div>\n<div>*profundidad: 35,2 mm (1,39 in)<\/div>\n<div><\/div>\n<div>Peso del mouse: 70,5 g<\/div>\n<div><\/div>\n<div>Dimensiones Nano receptor:<\/div>\n<div>*alto: 6,6 mm<\/div>\n<div>*ancho: 14,4 mm<\/div>\n<div>*profundidad: 18,7 mm<\/div>\n<div><\/div>\n<div>Peso del nano receptor: 2,0 g<\/div>\n<div><\/div>\n<div>Tipo de conexi\u00f3n: Tecnolog\u00eda inal\u00e1mbrica de 2,4 GHz<\/div>\n<div><\/div>\n<div>Alcance inal\u00e1mbrico: 33 ft (10 m)<\/div>\n<div><\/div>\n<div>Bater\u00eda: 1 bater\u00eda AA<\/div>\n<div><\/div>\n<div>\u00b7 \/\/GARANTIA:<\/div>\n<div><\/div>\n<div>1 a\u00f1os de garantia oficial.<\/div>\n","protected":false},"excerpt":{"rendered":"<p>Mouse Logitech M170 Wireless Azul &#8211; Logitech C\u00f3modo y port\u00e1til La forma del mouse ofrece un c\u00f3modo soporte para la mano durante horas y horas&hellip;<\/p>\n","protected":false},"featured_media":60,"comment_status":"open","ping_status":"closed","template":"","meta":[],"product_cat":[29],"product_tag":[],"_links":{"self":[{"href":"https:\/\/www.pantanet.com.ar\/index.php?rest_route=\/wp\/v2\/product\/59"}],"collection":[{"href":"https:\/\/www.pantanet.com.ar\/index.php?rest_route=\/wp\/v2\/product"}],"about":[{"href":"https:\/\/www.pantanet.com.ar\/index.php?rest_route=\/wp\/v2\/types\/product"}],"replies":[{"embeddable":true,"href":"https:\/\/www.pantanet.com.ar\/index.php?rest_route=%2Fwp%2Fv2%2Fcomments&post=59"}],"wp:featuredmedia":[{"embeddable":true,"href":"https:\/\/www.pantanet.com.ar\/index.php?rest_route=\/wp\/v2\/media\/60"}],"wp:attachment":[{"href":"https:\/\/www.pantanet.com.ar\/index.php?rest_route=%2Fwp%2Fv2%2Fmedia&parent=59"}],"wp:term":[{"taxonomy":"product_cat","embeddable":true,"href":"https:\/\/www.pantanet.com.ar\/index.php?rest_route=%2Fwp%2Fv2%2Fproduct_cat&post=59"},{"taxonomy":"product_tag","embeddable":true,"href":"https:\/\/www.pantanet.com.ar\/index.php?rest_route=%2Fwp%2Fv2%2Fproduct_tag&post=59"}],"curies":[{"name":"wp","href":"https:\/\/api.w.org\/{rel}","templated":true}]}}