{"id":57,"date":"2020-11-20T02:39:23","date_gmt":"2020-11-20T02:39:23","guid":{"rendered":"https:\/\/www.pantanet.com.ar\/?post_type=product&#038;p=57"},"modified":"2022-11-19T15:04:19","modified_gmt":"2022-11-19T18:04:19","slug":"disco-solido-ssd-240-gb-western-digital-green","status":"publish","type":"product","link":"https:\/\/www.pantanet.com.ar\/?product=disco-solido-ssd-240-gb-western-digital-green","title":{"rendered":"Disco Solido Ssd 240 Gb Western Digital Green"},"content":{"rendered":"<p>&nbsp;<\/p>\n<div>Para obtener un rendimiento y una fiabilidad r\u00e1pidos, los SSD de WD Green aumentan la experiencia inform\u00e1tica cotidiana en su PC de escritorio o port\u00e1til.<\/div>\n<div><\/div>\n<div>\u00b7 COMPATIBILIDADES Y USOS<\/div>\n<div><\/div>\n<div>Compatible con la mayor\u00eda de las computadoras de escritorio y port\u00e1tiles, los SSD WD Green est\u00e1n disponibles en modelos de 2.5 \u00ab7mm y M.2 2280 para una actualizaci\u00f3n sencilla y sin preocupaciones.<\/div>\n<div>Con el aumento de rendimiento de un WD Green SATA SSD, puede navegar por la web, jugar un juego, o simplemente iniciar su sistema en un instante.<\/div>\n<div><\/div>\n<div>\u00b7 ESPECIFICACIONES<\/div>\n<div><\/div>\n<div>Capacity<\/div>\n<div>240GB, 120GB<\/div>\n<div>Interface<\/div>\n<div>SATA 6Gb\/s<\/div>\n<div>Form Factor<\/div>\n<div>2.5\u201d\/7mm<\/div>\n<div>Endurance (TBW)<\/div>\n<div>120GB 40<\/div>\n<div>240GB 80<\/div>\n<div><\/div>\n<div>\u00b7 GARANT\u00cdA: 36 MESES<\/div>\n","protected":false},"excerpt":{"rendered":"<p>&nbsp; Para obtener un rendimiento y una fiabilidad r\u00e1pidos, los SSD de WD Green aumentan la experiencia inform\u00e1tica cotidiana en su PC de escritorio o&hellip;<\/p>\n","protected":false},"featured_media":58,"comment_status":"open","ping_status":"closed","template":"","meta":[],"product_cat":[22],"product_tag":[],"_links":{"self":[{"href":"https:\/\/www.pantanet.com.ar\/index.php?rest_route=\/wp\/v2\/product\/57"}],"collection":[{"href":"https:\/\/www.pantanet.com.ar\/index.php?rest_route=\/wp\/v2\/product"}],"about":[{"href":"https:\/\/www.pantanet.com.ar\/index.php?rest_route=\/wp\/v2\/types\/product"}],"replies":[{"embeddable":true,"href":"https:\/\/www.pantanet.com.ar\/index.php?rest_route=%2Fwp%2Fv2%2Fcomments&post=57"}],"wp:featuredmedia":[{"embeddable":true,"href":"https:\/\/www.pantanet.com.ar\/index.php?rest_route=\/wp\/v2\/media\/58"}],"wp:attachment":[{"href":"https:\/\/www.pantanet.com.ar\/index.php?rest_route=%2Fwp%2Fv2%2Fmedia&parent=57"}],"wp:term":[{"taxonomy":"product_cat","embeddable":true,"href":"https:\/\/www.pantanet.com.ar\/index.php?rest_route=%2Fwp%2Fv2%2Fproduct_cat&post=57"},{"taxonomy":"product_tag","embeddable":true,"href":"https:\/\/www.pantanet.com.ar\/index.php?rest_route=%2Fwp%2Fv2%2Fproduct_tag&post=57"}],"curies":[{"name":"wp","href":"https:\/\/api.w.org\/{rel}","templated":true}]}}