{"id":384,"date":"2022-09-23T12:44:52","date_gmt":"2022-09-23T15:44:52","guid":{"rendered":"https:\/\/www.pantanet.com.ar\/?post_type=product&#038;p=384"},"modified":"2022-09-23T12:44:53","modified_gmt":"2022-09-23T15:44:53","slug":"mouse-logitech-m110-silent-negro-gris-usb","status":"publish","type":"product","link":"https:\/\/www.pantanet.com.ar\/?product=mouse-logitech-m110-silent-negro-gris-usb","title":{"rendered":"Mouse Logitech M110 Silent Negro Gris Usb"},"content":{"rendered":"<div>Disfruta el sonido del silencio.<\/div>\n<div><\/div>\n<div>HASTA 90% DE REDUCCI\u00d3N DE RUIDO<\/div>\n<div>Con la misma sensaci\u00f3n de clic pero hasta 90% de reducci\u00f3n de ruido, disfruta de una experiencia silenciosa. Adem\u00e1s, sus pies de material de alto rendimiento y rueda de goma no emiten sonido.<\/div>\n<div>SIMPLE DE INSTALAR Y DE USAR<\/div>\n<div>Funciona directo de la caja, sin molestias de instalaci\u00f3n ni requisitos de software. S\u00f3lo conecta el cable a un puerto USB y ya est\u00e1s listo.<\/div>\n<div>COMFORT DE TAMA\u00d1O COMPLETO, DISE\u00d1O AMBIDIESTRO<\/div>\n<div>Ya seas zurdo o diestro, estar\u00e1s c\u00f3modo hora tras hora con el dise\u00f1o de Logitech M110. La superficie curva fue dise\u00f1ada para soportar tus dedos y prevenir la fatiga por uso.<\/div>\n<div>MEJOR QUE UN TRACKPAD<\/div>\n<div>T\u00fa est\u00e1s en control con seguimiento \u00f3ptico suave y sensible, para mover el cursor precisamente donde quieras.<\/div>\n<div><\/div>\n<div><\/div>\n<div>-COMPATIBILIDADES Y USOS<\/div>\n<div>Windows\u00ae 10 o posterior, Windows 8, Windows 7<\/div>\n<div>macOS X 10.5 o posterior<\/div>\n<div>Chrome OS&#x2122;<\/div>\n<div>Linux Kernel 2.6+2<\/div>\n<div>Conexi\u00f3n USB: Requiere puerto USB disponible.<\/div>\n<div><\/div>\n<div>-ESPECIFICACIONES TECNICAS<\/div>\n<div><\/div>\n<div>Tipo de conexi\u00f3n: Cable USB<\/div>\n<div>Tecnolog\u00eda de seguimiento: \u00d3ptica<\/div>\n<div>Resoluci\u00f3n de sensor: 1000 DPI<\/div>\n<div>Rueda de desplazamiento: S\u00ed<\/div>\n<div>N\u00famero de botones: 3<\/div>\n<div>Dimensiones<\/div>\n<div>Mouse<\/div>\n<div>Altura x Anchura x Profundidad:<\/div>\n<div>112,96 mm x 61,7 mm x 38,4 mm<\/div>\n<div>Peso (con bater\u00edas): 85 g<\/div>\n<div>Longitud del cable: 180 cm<\/div>\n","protected":false},"excerpt":{"rendered":"<p>Disfruta el sonido del silencio. HASTA 90% DE REDUCCI\u00d3N DE RUIDO Con la misma sensaci\u00f3n de clic pero hasta 90% de reducci\u00f3n de ruido, disfruta&hellip;<\/p>\n","protected":false},"featured_media":385,"comment_status":"open","ping_status":"closed","template":"","meta":[],"product_cat":[28,19],"product_tag":[],"_links":{"self":[{"href":"https:\/\/www.pantanet.com.ar\/index.php?rest_route=\/wp\/v2\/product\/384"}],"collection":[{"href":"https:\/\/www.pantanet.com.ar\/index.php?rest_route=\/wp\/v2\/product"}],"about":[{"href":"https:\/\/www.pantanet.com.ar\/index.php?rest_route=\/wp\/v2\/types\/product"}],"replies":[{"embeddable":true,"href":"https:\/\/www.pantanet.com.ar\/index.php?rest_route=%2Fwp%2Fv2%2Fcomments&post=384"}],"wp:featuredmedia":[{"embeddable":true,"href":"https:\/\/www.pantanet.com.ar\/index.php?rest_route=\/wp\/v2\/media\/385"}],"wp:attachment":[{"href":"https:\/\/www.pantanet.com.ar\/index.php?rest_route=%2Fwp%2Fv2%2Fmedia&parent=384"}],"wp:term":[{"taxonomy":"product_cat","embeddable":true,"href":"https:\/\/www.pantanet.com.ar\/index.php?rest_route=%2Fwp%2Fv2%2Fproduct_cat&post=384"},{"taxonomy":"product_tag","embeddable":true,"href":"https:\/\/www.pantanet.com.ar\/index.php?rest_route=%2Fwp%2Fv2%2Fproduct_tag&post=384"}],"curies":[{"name":"wp","href":"https:\/\/api.w.org\/{rel}","templated":true}]}}