{"id":374,"date":"2022-09-23T12:14:00","date_gmt":"2022-09-23T15:14:00","guid":{"rendered":"https:\/\/www.pantanet.com.ar\/?post_type=product&#038;p=374"},"modified":"2022-09-23T12:14:00","modified_gmt":"2022-09-23T15:14:00","slug":"parlantes-genius-sp-hf180-black","status":"publish","type":"product","link":"https:\/\/www.pantanet.com.ar\/?product=parlantes-genius-sp-hf180-black","title":{"rendered":"Parlantes Genius SP-HF180 Black"},"content":{"rendered":"<div>Genius SP-HF180 ofrece un sonido natural, con una gran claridad y precisi\u00f3n, que se dispersa de manera uniforme. Un parlante que asegura potencia y calidad por igual en la reproducci\u00f3n de contenidos multimedia.<\/div>\n<div><\/div>\n<div>Olvidate del amplificador<\/div>\n<div>Al ser activo solo necesitar\u00e1s conectarlo a la fuente de sonido y el mismo equipo se encargar\u00e1 de amplificar y reproducir: ganar\u00e1s practicidad y espacio, ya que adem\u00e1s requiere menos cableado que uno pasivo. Es la soluci\u00f3n m\u00e1s conveniente si quer\u00e9s producir m\u00fasica en tu casa o en un estudio, y tambi\u00e9n para DJs.<\/div>\n<div><\/div>\n<div>\/\/ESPECIFICACIONES<\/div>\n<div>*Marca: Genius<\/div>\n<div>*Modelo: SP-HF180<\/div>\n<div>*Color: Negro<\/div>\n<div>*Cantidad de parlantes: 2<\/div>\n<div>*Formato del parlante: Caja<\/div>\n","protected":false},"excerpt":{"rendered":"<p>Genius SP-HF180 ofrece un sonido natural, con una gran claridad y precisi\u00f3n, que se dispersa de manera uniforme. Un parlante que asegura potencia y calidad&hellip;<\/p>\n","protected":false},"featured_media":375,"comment_status":"open","ping_status":"closed","template":"","meta":[],"product_cat":[20],"product_tag":[],"_links":{"self":[{"href":"https:\/\/www.pantanet.com.ar\/index.php?rest_route=\/wp\/v2\/product\/374"}],"collection":[{"href":"https:\/\/www.pantanet.com.ar\/index.php?rest_route=\/wp\/v2\/product"}],"about":[{"href":"https:\/\/www.pantanet.com.ar\/index.php?rest_route=\/wp\/v2\/types\/product"}],"replies":[{"embeddable":true,"href":"https:\/\/www.pantanet.com.ar\/index.php?rest_route=%2Fwp%2Fv2%2Fcomments&post=374"}],"wp:featuredmedia":[{"embeddable":true,"href":"https:\/\/www.pantanet.com.ar\/index.php?rest_route=\/wp\/v2\/media\/375"}],"wp:attachment":[{"href":"https:\/\/www.pantanet.com.ar\/index.php?rest_route=%2Fwp%2Fv2%2Fmedia&parent=374"}],"wp:term":[{"taxonomy":"product_cat","embeddable":true,"href":"https:\/\/www.pantanet.com.ar\/index.php?rest_route=%2Fwp%2Fv2%2Fproduct_cat&post=374"},{"taxonomy":"product_tag","embeddable":true,"href":"https:\/\/www.pantanet.com.ar\/index.php?rest_route=%2Fwp%2Fv2%2Fproduct_tag&post=374"}],"curies":[{"name":"wp","href":"https:\/\/api.w.org\/{rel}","templated":true}]}}