{"id":368,"date":"2022-09-23T12:03:34","date_gmt":"2022-09-23T15:03:34","guid":{"rendered":"https:\/\/www.pantanet.com.ar\/?post_type=product&#038;p=368"},"modified":"2022-09-23T12:03:36","modified_gmt":"2022-09-23T15:03:36","slug":"mouse-genius-wireless-nx-7015-gold","status":"publish","type":"product","link":"https:\/\/www.pantanet.com.ar\/?product=mouse-genius-wireless-nx-7015-gold","title":{"rendered":"Mouse Genius Wireless NX-7015 &#8211; Gold"},"content":{"rendered":"<div>Desde hace m\u00e1s de 30 a\u00f1os, Genius est\u00e1 enfocado en la calidad, comodidad y facilidad de uso de sus productos. Su principal objetivo es proporcionarle a las personas una mejor experiencia de usuario. Adem\u00e1s, busca incorporar dise\u00f1os ecol\u00f3gicos que respeten el medio ambiente. El mouse Genius se caracteriza por suaves curvas que resultan c\u00f3modas para cualquier mano. Gracias a su resoluci\u00f3n, conseguir\u00e1s movimientos precisos en una amplia gama de superficies.<\/div>\n<div><\/div>\n<div>Adaptado a tus movimientos<\/div>\n<div>Su dise\u00f1o eficaz hace de este mouse un elemento c\u00f3modo, con una gran experiencia de uso para aquellas personas que buscan seguridad en cada click.<\/div>\n<div><\/div>\n<div>A un click de distancia<\/div>\n<div>Su sensor BlueEye permite que funcione con exactitud y control en cualquier tipo de superficie.<\/div>\n<div><\/div>\n<div>Rapidez y confiabilidad de los botones<\/div>\n<div>Con sus 3 botones podr\u00e1s tener mayor control e independencia para ejecutar.<\/div>\n<div><\/div>\n<div>Plug And Play<\/div>\n<div>Solo deb\u00e9s colocar el receptor en un puerto USB de la computadora y ya pod\u00e9s empezar a usarlo. No hace falta emparejar el mouse ni descargar software para utilizarlo.<\/div>\n<div><\/div>\n<div>Apto para f\u00e1cil traslado<\/div>\n<div>Naveg\u00e1 r\u00e1pidamente por documentos y p\u00e1ginas web gracias su dise\u00f1o ultra delgado, ergon\u00f3mico, liviano y conveniente para llevar a donde quieras o viajar.<\/div>\n<div><\/div>\n<div>\/\/\/COMPATIBILIDADES Y USOS<\/div>\n<div>*Contiene usb inal\u00e1mbrico.<\/div>\n<div>*Posee rueda de desplazamiento.<\/div>\n<div>*Cuenta con 3 botones para un mayor control.<\/div>\n<div>*Resoluci\u00f3n de 1600dpi.<\/div>\n<div>*Creado para llevar a todas partes.<\/div>\n<div>*Control inteligente y navegaci\u00f3n f\u00e1cil.<\/div>\n<div><\/div>\n<div>\/\/\/ESPECIFICACIONES T\u00c9CNICAS<\/div>\n<div>*Tipo de mouse: Convencional<\/div>\n<div>*Es inal\u00e1mbrico USB: S\u00ed<\/div>\n<div>*Resoluci\u00f3n del sensor: 1600 dpi<\/div>\n<div>*Marca: Genius<\/div>\n<div>*Modelo: NX-7015<\/div>\n<div>*Color: Gold<\/div>\n<div>*Tecnolog\u00eda del sensor: BlueEye<\/div>\n<div>*Resoluci\u00f3n del sensor: 1600 dpi<\/div>\n<div>*Con rueda de desplazamiento: S\u00ed<\/div>\n<div>*Tipo de mouse: Convencional<\/div>\n<div>*Es inal\u00e1mbrico USB: S\u00ed<\/div>\n<div>*Cantidad de botones: 3<\/div>\n<div>*Interfaces: USB<\/div>\n<div>*Radio frecuencia: 2.4 GHz<\/div>\n<div>*Largo: 100 mm<\/div>\n<div>*Ancho: 58 mm<\/div>\n<div>*Altura: 38.5 mm<\/div>\n","protected":false},"excerpt":{"rendered":"<p>Desde hace m\u00e1s de 30 a\u00f1os, Genius est\u00e1 enfocado en la calidad, comodidad y facilidad de uso de sus productos. Su principal objetivo es proporcionarle&hellip;<\/p>\n","protected":false},"featured_media":369,"comment_status":"open","ping_status":"closed","template":"","meta":[],"product_cat":[59],"product_tag":[],"_links":{"self":[{"href":"https:\/\/www.pantanet.com.ar\/index.php?rest_route=\/wp\/v2\/product\/368"}],"collection":[{"href":"https:\/\/www.pantanet.com.ar\/index.php?rest_route=\/wp\/v2\/product"}],"about":[{"href":"https:\/\/www.pantanet.com.ar\/index.php?rest_route=\/wp\/v2\/types\/product"}],"replies":[{"embeddable":true,"href":"https:\/\/www.pantanet.com.ar\/index.php?rest_route=%2Fwp%2Fv2%2Fcomments&post=368"}],"wp:featuredmedia":[{"embeddable":true,"href":"https:\/\/www.pantanet.com.ar\/index.php?rest_route=\/wp\/v2\/media\/369"}],"wp:attachment":[{"href":"https:\/\/www.pantanet.com.ar\/index.php?rest_route=%2Fwp%2Fv2%2Fmedia&parent=368"}],"wp:term":[{"taxonomy":"product_cat","embeddable":true,"href":"https:\/\/www.pantanet.com.ar\/index.php?rest_route=%2Fwp%2Fv2%2Fproduct_cat&post=368"},{"taxonomy":"product_tag","embeddable":true,"href":"https:\/\/www.pantanet.com.ar\/index.php?rest_route=%2Fwp%2Fv2%2Fproduct_tag&post=368"}],"curies":[{"name":"wp","href":"https:\/\/api.w.org\/{rel}","templated":true}]}}