{"id":365,"date":"2022-09-23T12:01:58","date_gmt":"2022-09-23T15:01:58","guid":{"rendered":"https:\/\/www.pantanet.com.ar\/?post_type=product&#038;p=365"},"modified":"2022-09-23T12:01:58","modified_gmt":"2022-09-23T15:01:58","slug":"mouse-logitech-wireless-m280-negro","status":"publish","type":"product","link":"https:\/\/www.pantanet.com.ar\/?product=mouse-logitech-wireless-m280-negro","title":{"rendered":"Mouse Logitech Wireless M280 Negro"},"content":{"rendered":"<div>-Tecnolog\u00eda de sensor: Seguimiento \u00f3ptico avanzado de Logitech<\/div>\n<div>-Resoluci\u00f3n: 1000 dpi<\/div>\n<div>-Duraci\u00f3n de pilas: 18 meses*<\/div>\n<div>*La duraci\u00f3n de las pilas depende del uso y del ordenador.<\/div>\n<div>-Pila: 1 AA<\/div>\n<div>-N\u00famero de botones: 3<\/div>\n<div>-Bot\u00f3n rueda: S\u00ed<\/div>\n<div>-Funci\u00f3n de inclinaci\u00f3n: No<\/div>\n<div>-Rat\u00f3n compatible con Unifying: S\u00ed<\/div>\n<div>-Receptor compatible con Unifying: No<\/div>\n<div>-Distancia de funcionamiento inal\u00e1mbrico: 25 m, m\u00e1x.*<\/div>\n<div>*El alcance inal\u00e1mbrico depende del uso, la configuraci\u00f3n y las condiciones medioambientales.<\/div>\n<div>-Sistema inal\u00e1mbrico: Conexi\u00f3n inal\u00e1mbrica avanzada de 2,4 GHz<\/div>\n<div>-Interfaz de conexi\u00f3n: Receptor USB<\/div>\n<div>-Sistemas operativos compatibles: Windows 8, Windows 7, Windows Vista, Mac OS 10.+, Chrome OS, Linux Kernel 2.6+<\/div>\n","protected":false},"excerpt":{"rendered":"<p>-Tecnolog\u00eda de sensor: Seguimiento \u00f3ptico avanzado de Logitech -Resoluci\u00f3n: 1000 dpi -Duraci\u00f3n de pilas: 18 meses* *La duraci\u00f3n de las pilas depende del uso y&hellip;<\/p>\n","protected":false},"featured_media":366,"comment_status":"open","ping_status":"closed","template":"","meta":[],"product_cat":[59],"product_tag":[],"_links":{"self":[{"href":"https:\/\/www.pantanet.com.ar\/index.php?rest_route=\/wp\/v2\/product\/365"}],"collection":[{"href":"https:\/\/www.pantanet.com.ar\/index.php?rest_route=\/wp\/v2\/product"}],"about":[{"href":"https:\/\/www.pantanet.com.ar\/index.php?rest_route=\/wp\/v2\/types\/product"}],"replies":[{"embeddable":true,"href":"https:\/\/www.pantanet.com.ar\/index.php?rest_route=%2Fwp%2Fv2%2Fcomments&post=365"}],"wp:featuredmedia":[{"embeddable":true,"href":"https:\/\/www.pantanet.com.ar\/index.php?rest_route=\/wp\/v2\/media\/366"}],"wp:attachment":[{"href":"https:\/\/www.pantanet.com.ar\/index.php?rest_route=%2Fwp%2Fv2%2Fmedia&parent=365"}],"wp:term":[{"taxonomy":"product_cat","embeddable":true,"href":"https:\/\/www.pantanet.com.ar\/index.php?rest_route=%2Fwp%2Fv2%2Fproduct_cat&post=365"},{"taxonomy":"product_tag","embeddable":true,"href":"https:\/\/www.pantanet.com.ar\/index.php?rest_route=%2Fwp%2Fv2%2Fproduct_tag&post=365"}],"curies":[{"name":"wp","href":"https:\/\/api.w.org\/{rel}","templated":true}]}}