{"id":36,"date":"2020-11-18T02:31:06","date_gmt":"2020-11-18T05:31:06","guid":{"rendered":"https:\/\/www.pantanet.com.ar\/?post_type=product&#038;p=36"},"modified":"2025-06-01T17:02:18","modified_gmt":"2025-06-01T20:02:18","slug":"mouse-logitech-m90-usb-gris-oscuro","status":"publish","type":"product","link":"https:\/\/www.pantanet.com.ar\/?product=mouse-logitech-m90-usb-gris-oscuro","title":{"rendered":"Mouse Logitech M90 USB Gris Oscuro"},"content":{"rendered":"<div>Mouse Logitech M90 USB Gris Oscuro &#8211; Logitech<\/div>\n<div><\/div>\n<div>La configuraci\u00f3n es r\u00e1pida y f\u00e1cil. S\u00f3lo puede conectar el cable a un puerto USB y utilizarlo de inmediato.<\/div>\n<div>No hay movimientos falsos<\/div>\n<div><\/div>\n<div>\u00b7 \/\/COMPATIBILIDADES Y USOS<\/div>\n<div><\/div>\n<div>Usted no puede ir mal con seguimiento \u00f3ptico preciso. Es un motor suave, con o sin un coj\u00edn de rat\u00f3n.<\/div>\n<div>De los expertos de rat\u00f3n<\/div>\n<div><\/div>\n<div>Usted obtiene la calidad y el dise\u00f1o que hemos construido en m\u00e1s de mil millones de ratones.<\/div>\n<div>F\u00e1cil de configurar y usar<\/div>\n<div><\/div>\n<div>La configuraci\u00f3n es r\u00e1pida y sencilla: simplemente conecte el cable a un puerto USB. No hay software para instalar. Y puesto que es cableado, usted puede apenas conectar el cable en un puerto del USB y utilizarlo enseguida.<\/div>\n<div>Comodidad, dise\u00f1o ambidiestro<\/div>\n<div><\/div>\n<div>Dise\u00f1ado para mantener la mano feliz. As\u00ed que te sentir\u00e1s c\u00f3modo, incluso despu\u00e9s de horas de uso.<\/div>\n<div>Seguimiento \u00f3ptico<\/div>\n<div><\/div>\n<div>Disfrutar\u00e1 de un control del cursor suave y preciso, de un seguimiento preciso y de una selecci\u00f3n f\u00e1cil de texto gracias al seguimiento \u00f3ptico.<\/div>\n<div>Construido por Logitech<\/div>\n<div><\/div>\n<div>Este rat\u00f3n viene con la calidad y el dise\u00f1o que hemos construido en m\u00e1s de mil millones de ratones, m\u00e1s que cualquier otro fabricante.<\/div>\n<div><\/div>\n<div>\u00b7 \/\/ESPECIFICACIONES T\u00c9CNICAS<\/div>\n<div><\/div>\n<div>System Requirements<\/div>\n<div><\/div>\n<div>Windows\u00ae XP, Windows Vista\u00ae or Windows\u00ae 7, Windows\u00ae 8<\/div>\n<div>Mac OS\u00ae X 10.4 or later<\/div>\n<div>Linux\u00ae kernel 2.6 or later<\/div>\n<div>USB port<\/div>\n<div><\/div>\n<div>Package Contents<\/div>\n<div><\/div>\n<div>Mouse<\/div>\n<div>User documentation<\/div>\n<div><\/div>\n<div>Part Number<\/div>\n<div><\/div>\n<div>PN 910-001795<\/div>\n<div><\/div>\n<div>\u00b7 \/\/GARANTIA:<\/div>\n<div><\/div>\n<div>1 a\u00f1o garantia oficial.<\/div>\n","protected":false},"excerpt":{"rendered":"<p>Mouse Logitech M90 USB Gris Oscuro &#8211; Logitech La configuraci\u00f3n es r\u00e1pida y f\u00e1cil. S\u00f3lo puede conectar el cable a un puerto USB y utilizarlo&hellip;<\/p>\n","protected":false},"featured_media":37,"comment_status":"open","ping_status":"closed","template":"","meta":[],"product_cat":[19],"product_tag":[],"_links":{"self":[{"href":"https:\/\/www.pantanet.com.ar\/index.php?rest_route=\/wp\/v2\/product\/36"}],"collection":[{"href":"https:\/\/www.pantanet.com.ar\/index.php?rest_route=\/wp\/v2\/product"}],"about":[{"href":"https:\/\/www.pantanet.com.ar\/index.php?rest_route=\/wp\/v2\/types\/product"}],"replies":[{"embeddable":true,"href":"https:\/\/www.pantanet.com.ar\/index.php?rest_route=%2Fwp%2Fv2%2Fcomments&post=36"}],"wp:featuredmedia":[{"embeddable":true,"href":"https:\/\/www.pantanet.com.ar\/index.php?rest_route=\/wp\/v2\/media\/37"}],"wp:attachment":[{"href":"https:\/\/www.pantanet.com.ar\/index.php?rest_route=%2Fwp%2Fv2%2Fmedia&parent=36"}],"wp:term":[{"taxonomy":"product_cat","embeddable":true,"href":"https:\/\/www.pantanet.com.ar\/index.php?rest_route=%2Fwp%2Fv2%2Fproduct_cat&post=36"},{"taxonomy":"product_tag","embeddable":true,"href":"https:\/\/www.pantanet.com.ar\/index.php?rest_route=%2Fwp%2Fv2%2Fproduct_tag&post=36"}],"curies":[{"name":"wp","href":"https:\/\/api.w.org\/{rel}","templated":true}]}}