{"id":357,"date":"2022-09-23T11:41:07","date_gmt":"2022-09-23T14:41:07","guid":{"rendered":"https:\/\/www.pantanet.com.ar\/?post_type=product&#038;p=357"},"modified":"2026-04-29T15:41:33","modified_gmt":"2026-04-29T18:41:33","slug":"auricular-viewsonic-con-microfono-va350e-negro","status":"publish","type":"product","link":"https:\/\/www.pantanet.com.ar\/?product=auricular-viewsonic-con-microfono-va350e-negro","title":{"rendered":"Auricular Viewsonic con micr\u00f3fono VA300E Negro"},"content":{"rendered":"<div>Sumergite por completo en tu juego de acci\u00f3n, tu m\u00fasica o pel\u00edcula favorita, con un excelente sonido que te proporcionar\u00e1n estos Viewsonic Va300e. Particip\u00e1 de charlas, videoconferencias y streaming usando su micr\u00f3fono incorporado.<\/div>\n<div><\/div>\n<div>\/\/\/ESPECIFICACIONES T\u00c9CNICAS<\/div>\n<div>*Marca: Viewsonic<\/div>\n<div>*Modelo: VA300E<\/div>\n<div>*Color: Negro<\/div>\n<div>*Microfono: Si<\/div>\n","protected":false},"excerpt":{"rendered":"<p>Sumergite por completo en tu juego de acci\u00f3n, tu m\u00fasica o pel\u00edcula favorita, con un excelente sonido que te proporcionar\u00e1n estos Viewsonic Va300e. Particip\u00e1 de&hellip;<\/p>\n","protected":false},"featured_media":358,"comment_status":"open","ping_status":"closed","template":"","meta":[],"product_cat":[42],"product_tag":[],"_links":{"self":[{"href":"https:\/\/www.pantanet.com.ar\/index.php?rest_route=\/wp\/v2\/product\/357"}],"collection":[{"href":"https:\/\/www.pantanet.com.ar\/index.php?rest_route=\/wp\/v2\/product"}],"about":[{"href":"https:\/\/www.pantanet.com.ar\/index.php?rest_route=\/wp\/v2\/types\/product"}],"replies":[{"embeddable":true,"href":"https:\/\/www.pantanet.com.ar\/index.php?rest_route=%2Fwp%2Fv2%2Fcomments&post=357"}],"wp:featuredmedia":[{"embeddable":true,"href":"https:\/\/www.pantanet.com.ar\/index.php?rest_route=\/wp\/v2\/media\/358"}],"wp:attachment":[{"href":"https:\/\/www.pantanet.com.ar\/index.php?rest_route=%2Fwp%2Fv2%2Fmedia&parent=357"}],"wp:term":[{"taxonomy":"product_cat","embeddable":true,"href":"https:\/\/www.pantanet.com.ar\/index.php?rest_route=%2Fwp%2Fv2%2Fproduct_cat&post=357"},{"taxonomy":"product_tag","embeddable":true,"href":"https:\/\/www.pantanet.com.ar\/index.php?rest_route=%2Fwp%2Fv2%2Fproduct_tag&post=357"}],"curies":[{"name":"wp","href":"https:\/\/api.w.org\/{rel}","templated":true}]}}