{"id":353,"date":"2022-09-23T11:37:12","date_gmt":"2022-09-23T14:37:12","guid":{"rendered":"https:\/\/www.pantanet.com.ar\/?post_type=product&#038;p=353"},"modified":"2026-04-29T15:40:30","modified_gmt":"2026-04-29T18:40:30","slug":"auricular-genius-hs-02b-c-microfono","status":"publish","type":"product","link":"https:\/\/www.pantanet.com.ar\/?product=auricular-genius-hs-02b-c-microfono","title":{"rendered":"Auricular Genius HS-02B C\/Microfono"},"content":{"rendered":"<div>El HS-02B es un nuevo modelo de la familia de los cascos Genius para m\u00fasica y hablar en l\u00ednea.<\/div>\n<div><\/div>\n<div>Contiene auriculares y un micr\u00f3fono con un control de volumen en l\u00ednea.<\/div>\n<div>Da igual si utiliza SKYPE o Chat MSN, tel\u00e9fono en red, etc., estos cascos proporcionan una calidad clara y no le dejar\u00e1 perderse ning\u00fan sonido.<\/div>\n<div><\/div>\n<div>El sofisticado azul claro se mezcla genialmente no solo con su ordenador o su port\u00e1til, sino tambi\u00e9n con sus dispositivos port\u00e1tiles de audio, como reproductores de MP3 y de CD.<\/div>\n<div><\/div>\n<div>Su control de volumen en l\u00ednea tambi\u00e9n est\u00e1 adosado para ajustar f\u00e1cilmente el volumen.<\/div>\n","protected":false},"excerpt":{"rendered":"<p>El HS-02B es un nuevo modelo de la familia de los cascos Genius para m\u00fasica y hablar en l\u00ednea. Contiene auriculares y un micr\u00f3fono con&hellip;<\/p>\n","protected":false},"featured_media":354,"comment_status":"open","ping_status":"closed","template":"","meta":[],"product_cat":[42],"product_tag":[],"_links":{"self":[{"href":"https:\/\/www.pantanet.com.ar\/index.php?rest_route=\/wp\/v2\/product\/353"}],"collection":[{"href":"https:\/\/www.pantanet.com.ar\/index.php?rest_route=\/wp\/v2\/product"}],"about":[{"href":"https:\/\/www.pantanet.com.ar\/index.php?rest_route=\/wp\/v2\/types\/product"}],"replies":[{"embeddable":true,"href":"https:\/\/www.pantanet.com.ar\/index.php?rest_route=%2Fwp%2Fv2%2Fcomments&post=353"}],"wp:featuredmedia":[{"embeddable":true,"href":"https:\/\/www.pantanet.com.ar\/index.php?rest_route=\/wp\/v2\/media\/354"}],"wp:attachment":[{"href":"https:\/\/www.pantanet.com.ar\/index.php?rest_route=%2Fwp%2Fv2%2Fmedia&parent=353"}],"wp:term":[{"taxonomy":"product_cat","embeddable":true,"href":"https:\/\/www.pantanet.com.ar\/index.php?rest_route=%2Fwp%2Fv2%2Fproduct_cat&post=353"},{"taxonomy":"product_tag","embeddable":true,"href":"https:\/\/www.pantanet.com.ar\/index.php?rest_route=%2Fwp%2Fv2%2Fproduct_tag&post=353"}],"curies":[{"name":"wp","href":"https:\/\/api.w.org\/{rel}","templated":true}]}}