{"id":311,"date":"2022-09-21T15:09:13","date_gmt":"2022-09-21T18:09:13","guid":{"rendered":"https:\/\/www.pantanet.com.ar\/?post_type=product&#038;p=311"},"modified":"2024-07-01T15:55:41","modified_gmt":"2024-07-01T18:55:41","slug":"switch-tp-link-tl-sg1005d","status":"publish","type":"product","link":"https:\/\/www.pantanet.com.ar\/?product=switch-tp-link-tl-sg1005d","title":{"rendered":"Switch TP-Link TL-SG1005D"},"content":{"rendered":"<p>Con m\u00e1s de 30 a\u00f1os de experiencia en el mercado tecnol\u00f3gico, TP-Link es l\u00edder a nivel mundial en el negocio de las soluciones de redes. Esta marca posibilita mejorar las comunicaciones entre consumidores y empresas, es por eso que estos conmutadores son muy f\u00e1ciles de configurar y no requieren de mucho tiempo.<\/p>\n<p>Puertos RJ-45<br \/>\nEl conector RJ-45 termina en el cable par trenzado sin blindaje. Es utilizado en redes Ethernet que se conoce com\u00fanmente como el cable Ethernet. A su vez, este cable contiene ocho alambres, lo que hace que los ocho pines del conector RJ-45 sean adecuados para su uso con este tipo de cables.<\/p>\n<p>Hecho a tu medida<br \/>\nSu tecnolog\u00eda permite guardar los datos en buffer antes de enviarlos al puerto de salida. Esto garantiza un correcto funcionamiento.<\/p>\n<p>Escalabilidad y funcionalidad a tu alcance<br \/>\nEste switch cuenta con una capacidad de conmutaci\u00f3n de 10 Gbps. Este permite transferir datos entre los diferentes dispositivos que forman la LAN, o red local, de una manera eficiente y as\u00ed mejora el ritmo del servidor de red y sus conexiones troncales.<\/p>\n","protected":false},"excerpt":{"rendered":"<p>Con m\u00e1s de 30 a\u00f1os de experiencia en el mercado tecnol\u00f3gico, TP-Link es l\u00edder a nivel mundial en el negocio de las soluciones de redes.&hellip;<\/p>\n","protected":false},"featured_media":313,"comment_status":"open","ping_status":"closed","template":"","meta":[],"product_cat":[56,36],"product_tag":[],"_links":{"self":[{"href":"https:\/\/www.pantanet.com.ar\/index.php?rest_route=\/wp\/v2\/product\/311"}],"collection":[{"href":"https:\/\/www.pantanet.com.ar\/index.php?rest_route=\/wp\/v2\/product"}],"about":[{"href":"https:\/\/www.pantanet.com.ar\/index.php?rest_route=\/wp\/v2\/types\/product"}],"replies":[{"embeddable":true,"href":"https:\/\/www.pantanet.com.ar\/index.php?rest_route=%2Fwp%2Fv2%2Fcomments&post=311"}],"wp:featuredmedia":[{"embeddable":true,"href":"https:\/\/www.pantanet.com.ar\/index.php?rest_route=\/wp\/v2\/media\/313"}],"wp:attachment":[{"href":"https:\/\/www.pantanet.com.ar\/index.php?rest_route=%2Fwp%2Fv2%2Fmedia&parent=311"}],"wp:term":[{"taxonomy":"product_cat","embeddable":true,"href":"https:\/\/www.pantanet.com.ar\/index.php?rest_route=%2Fwp%2Fv2%2Fproduct_cat&post=311"},{"taxonomy":"product_tag","embeddable":true,"href":"https:\/\/www.pantanet.com.ar\/index.php?rest_route=%2Fwp%2Fv2%2Fproduct_tag&post=311"}],"curies":[{"name":"wp","href":"https:\/\/api.w.org\/{rel}","templated":true}]}}