{"id":301,"date":"2022-09-21T14:22:06","date_gmt":"2022-09-21T17:22:06","guid":{"rendered":"https:\/\/www.pantanet.com.ar\/?post_type=product&#038;p=301"},"modified":"2026-05-07T15:14:10","modified_gmt":"2026-05-07T18:14:10","slug":"adaptador-usb-wifi-dual-band-ac1300-tp-link-archer-t3u","status":"publish","type":"product","link":"https:\/\/www.pantanet.com.ar\/?product=adaptador-usb-wifi-dual-band-ac1300-tp-link-archer-t3u","title":{"rendered":"Adaptador Usb Wifi Dual Band Ac1300 Tp-link Archer T3u"},"content":{"rendered":"<p>Adaptador Usb Wifi Dual Band Ac1300 Tp-link Archer T3u<\/p>\n<p>ESPECIFICACIONES<\/p>\n<p>CARACTER\u00cdSTICAS DE HARDWARE<br \/>\nInterfaz USB 3.0<br \/>\nDimensiones 1.59 \u00d7 0.78 \u00d7 0.41in. (40.5 \u00d7 19.72 \u00d7 10.29mm)<br \/>\nTipo de Antena Omnidireccional<\/p>\n<p>CARACTER\u00cdSTICAS INAL\u00c1MBRICAS<br \/>\nEst\u00e1ndares Inal\u00e1mbricos IEEE 802.11ac, IEEE 802.11a,<br \/>\nIEEE 802.11n, IEEE 802.11g, IEEE 802.11b<br \/>\nFrecuencia 5GHz<br \/>\n2.4GHz<br \/>\nTasa de Se\u00f1al 5GHz<br \/>\n11ac: Up to 867Mbps(din\u00e1mico)<br \/>\n11n: Up to 300Mbps(din\u00e1mico)<br \/>\n11a: Up to 54Mbps(din\u00e1mico)<br \/>\n2.4GHz<br \/>\n11n: Up to 400Mbps(din\u00e1mico)<br \/>\n11g: Up to 54Mbps(din\u00e1mico)<br \/>\n11b: Up to 11Mbps(din\u00e1mico)<br \/>\nSensibilidad de Recepci\u00f3n 5GHz:<br \/>\n11a 6Mbps: -91dBm<br \/>\n11a 54Mbps: -76dBm<br \/>\n11n HT20:-71dBm<br \/>\n11n HT40:-70dBm<br \/>\n11ac HT20: -68dBm<br \/>\n11ac HT40: -64dBm<br \/>\n11ac HT80: -62dBm<br \/>\n2.4GHz:<br \/>\n11b 11Mbps: -86dBm<br \/>\n11g 54Mbps: -73dBm<br \/>\n11n HT20: -71dBm<br \/>\n11n HT40: -70dBm<br \/>\nPotencia de Transmisi\u00f3n &lt;23dBm (EIRP)<br \/>\nModos Inal\u00e1mbricos Ad-Hoc \/ Modo infraestructura<br \/>\nSeguridad Inal\u00e1mbrica Soporta 64\/128 bit WEP, WPA\/WPA2, WPA-PSK\/WPA2-PSK<br \/>\nTecnolog\u00eda de Modulaci\u00f3n DBPSK, DQPSK, CCK, OFDM, 16-QAM, 64-QAM, 256-QAM<\/p>\n<p>OTROS<br \/>\nCertificaciones CE, FCC, RoHS<br \/>\nContenido del Paquete AC1300 Mini inal\u00e1mbrico MU-MIMO Adaptador USB Archer T3U<br \/>\nGu\u00eda instalaci\u00f3n r\u00e1pida<br \/>\nCD de instalaci\u00f3n.<br \/>\nRequisitos del sistema Windows10\/8.1\/8\/7\/XP, Mac OS X 10.9-10.13<br \/>\nFactores Ambientales Temperatura de funcionamiento: 0 \u00b0 c ~ 40 \u00b0 c (32 ~ 104\u00bf)<br \/>\nTemperatura de almacenamiento:-40 \u00b0 c ~ 70 \u00b0 c (-40\u00bf ~ 158 \u00b0 f)<br \/>\nHumedad de funcionamiento: 10% ~ 90% sin condensaci\u00f3n<br \/>\nHumedad de almacenamiento: 5% ~ 90% sin condensaci\u00f3n<\/p>\n","protected":false},"excerpt":{"rendered":"<p>Adaptador Usb Wifi Dual Band Ac1300 Tp-link Archer T3u ESPECIFICACIONES CARACTER\u00cdSTICAS DE HARDWARE Interfaz USB 3.0 Dimensiones 1.59 \u00d7 0.78 \u00d7 0.41in. (40.5 \u00d7 19.72&hellip;<\/p>\n","protected":false},"featured_media":302,"comment_status":"open","ping_status":"closed","template":"","meta":[],"product_cat":[56,58],"product_tag":[],"_links":{"self":[{"href":"https:\/\/www.pantanet.com.ar\/index.php?rest_route=\/wp\/v2\/product\/301"}],"collection":[{"href":"https:\/\/www.pantanet.com.ar\/index.php?rest_route=\/wp\/v2\/product"}],"about":[{"href":"https:\/\/www.pantanet.com.ar\/index.php?rest_route=\/wp\/v2\/types\/product"}],"replies":[{"embeddable":true,"href":"https:\/\/www.pantanet.com.ar\/index.php?rest_route=%2Fwp%2Fv2%2Fcomments&post=301"}],"wp:featuredmedia":[{"embeddable":true,"href":"https:\/\/www.pantanet.com.ar\/index.php?rest_route=\/wp\/v2\/media\/302"}],"wp:attachment":[{"href":"https:\/\/www.pantanet.com.ar\/index.php?rest_route=%2Fwp%2Fv2%2Fmedia&parent=301"}],"wp:term":[{"taxonomy":"product_cat","embeddable":true,"href":"https:\/\/www.pantanet.com.ar\/index.php?rest_route=%2Fwp%2Fv2%2Fproduct_cat&post=301"},{"taxonomy":"product_tag","embeddable":true,"href":"https:\/\/www.pantanet.com.ar\/index.php?rest_route=%2Fwp%2Fv2%2Fproduct_tag&post=301"}],"curies":[{"name":"wp","href":"https:\/\/api.w.org\/{rel}","templated":true}]}}