{"id":114,"date":"2020-12-07T01:46:15","date_gmt":"2020-12-07T01:46:15","guid":{"rendered":"https:\/\/www.pantanet.com.ar\/?post_type=product&#038;p=114"},"modified":"2025-05-29T17:41:53","modified_gmt":"2025-05-29T20:41:53","slug":"switch-8-ports-10-100-1000-tl-sg1008d-tp-link","status":"publish","type":"product","link":"https:\/\/www.pantanet.com.ar\/?product=switch-8-ports-10-100-1000-tl-sg1008d-tp-link","title":{"rendered":"Switch 8 Ports 10\/100\/1000 (TL-SG1008D) Tp-Link"},"content":{"rendered":"<div><span style=\"vertical-align: inherit;\"><span style=\"vertical-align: inherit;\">El TL-SG1008D de TP-LINK es un conmutador de sobremesa con 8 puertos Gigabit que permite migrar f\u00e1cilmente a la tecnolog\u00eda Gigabit Ethernet. <\/span><span style=\"vertical-align: inherit;\">Aumente tanto la velocidad de su servidor de red como la de las conexiones troncales o lleve la experiencia Gigabit a su escritorio. <\/span><span style=\"vertical-align: inherit;\">Adem\u00e1s, el dise\u00f1o del TL-SG1008D le permite reducir su consumo el\u00e9ctrico. <\/span><span style=\"vertical-align: inherit;\">Gracias a su innovadora tecnolog\u00eda de eficiencia energ\u00e9tica, el TL-SG1008D ahorra hasta un 80% * de energ\u00eda el\u00e9ctrica, lo que lo convierte en una soluci\u00f3n ecol\u00f3gica para la red de su hogar o lugar de trabajo.<\/span><\/span><\/div>\n<div><\/div>\n<div><span style=\"vertical-align: inherit;\"><span style=\"vertical-align: inherit;\">COMPATIBILIDADES Y USOS<\/span><\/span><\/div>\n<div><\/div>\n<div><span style=\"vertical-align: inherit;\"><span style=\"vertical-align: inherit;\">8 puertos RJ45 Gigabit con detecci\u00f3n autom\u00e1tica de velocidad, soporte para MDI \/ MDIX autom\u00e1tico<\/span><\/span><\/div>\n<div><span style=\"vertical-align: inherit;\"><span style=\"vertical-align: inherit;\">Tecnolog\u00eda de ahorro de energ\u00eda para Ethernet que reduce el consumo hasta un 80%<\/span><\/span><\/div>\n<div><span style=\"vertical-align: inherit;\"><span style=\"vertical-align: inherit;\">Control de flujo IEEE 802.3x proporciona una transferencia de datos confiable<\/span><\/span><\/div>\n<div><span style=\"vertical-align: inherit;\"><span style=\"vertical-align: inherit;\">Carcasa de pl\u00e1stico, dise\u00f1ado para ser usado como equipo de sobremesa o montarlo en la pared<\/span><\/span><\/div>\n<div><span style=\"vertical-align: inherit;\"><span style=\"vertical-align: inherit;\">Plug and Play, sin ninguna configuraci\u00f3n adicional<\/span><\/span><\/div>\n<div><\/div>\n<div><span style=\"vertical-align: inherit;\"><span style=\"vertical-align: inherit;\">ESPECIFICACIONES TECNICAS<\/span><\/span><\/div>\n<div><\/div>\n<div><span style=\"vertical-align: inherit;\"><span style=\"vertical-align: inherit;\">Est\u00e1ndares y Protocolos IEEE 802.3<\/span><\/span><\/div>\n<div><span style=\"vertical-align: inherit;\"><span style=\"vertical-align: inherit;\">IEEE 802.3u<\/span><\/span><\/div>\n<div><span style=\"vertical-align: inherit;\"><span style=\"vertical-align: inherit;\">IEEE 802.3ab<\/span><\/span><\/div>\n<div><span style=\"vertical-align: inherit;\"><span style=\"vertical-align: inherit;\">IEEE 802.3x<\/span><\/span><\/div>\n<div><span style=\"vertical-align: inherit;\"><span style=\"vertical-align: inherit;\">Interfaz 8 puertos RJ45 a 10\/100\/1000 Mbps<\/span><\/span><\/div>\n<div><span style=\"vertical-align: inherit;\"><span style=\"vertical-align: inherit;\">Negociaci\u00f3n autom\u00e1tica, MDI \/ MDIX autom\u00e1tico<\/span><\/span><\/div>\n<div><span style=\"vertical-align: inherit;\"><span style=\"vertical-align: inherit;\">Cantidad de Ventiladores Sin ventilador<\/span><\/span><\/div>\n<div><span style=\"vertical-align: inherit;\"><span style=\"vertical-align: inherit;\">Consumo de Potencia M\u00e1ximo: 4.63W (220V \/ 50Hz)<\/span><\/span><\/div>\n<div><span style=\"vertical-align: inherit;\"><span style=\"vertical-align: inherit;\">Fuente de Alimentaci\u00f3n Externa 100-240VAC, 50 \/ 60Hz<\/span><\/span><\/div>\n<div><span style=\"vertical-align: inherit;\"><span style=\"vertical-align: inherit;\">Tama\u00f1o del B\u00fafer 2Mbit<\/span><\/span><\/div>\n<div><span style=\"vertical-align: inherit;\"><span style=\"vertical-align: inherit;\">Trama Jumbo 15 KB<\/span><\/span><\/div>\n<div><span style=\"vertical-align: inherit;\"><span style=\"vertical-align: inherit;\">Capacidad de Conmutaci\u00f3n 16 Gbps<\/span><\/span><\/div>\n<div><span style=\"vertical-align: inherit;\"><span style=\"vertical-align: inherit;\">Dimensiones 180 * 90 * 25,5 mm<\/span><\/span><\/div>\n<div><span style=\"vertical-align: inherit;\"><span style=\"vertical-align: inherit;\">CARACTER\u00cdSTICAS DE SOFTWARE<\/span><\/span><\/div>\n<div><span style=\"vertical-align: inherit;\"><span style=\"vertical-align: inherit;\">Caracter\u00edsticas Avanzadas Store and Forward<\/span><\/span><\/div>\n<div><span style=\"vertical-align: inherit;\"><span style=\"vertical-align: inherit;\">M\u00e9todo de transferencia Store and Forward<\/span><\/span><\/div>\n<div><span style=\"vertical-align: inherit;\"><span style=\"vertical-align: inherit;\">Tabla de Direcci\u00f3n MAC 8K<\/span><\/span><\/div>\n<div><span style=\"vertical-align: inherit;\"><span style=\"vertical-align: inherit;\">Funciones Avanzadas Tecnolog\u00eda de ahorro de energ\u00eda, ahorro de consumo hasta del 80%<\/span><\/span><\/div>\n<div><span style=\"vertical-align: inherit;\"><span style=\"vertical-align: inherit;\">Control de flujo 802.3x, soporte Back-Pressure<\/span><\/span><\/div>\n<div><span style=\"vertical-align: inherit;\"><span style=\"vertical-align: inherit;\">Soporte Auto-Uplink en todos los puertos<\/span><\/span><\/div>\n<div><span style=\"vertical-align: inherit;\"><span style=\"vertical-align: inherit;\">GARANTIA: 24 MESES.<\/span><\/span><\/div>\n","protected":false},"excerpt":{"rendered":"<p>El TL-SG1008D de TP-LINK es un conmutador de sobremesa con 8 puertos Gigabit que permite migrar f\u00e1cilmente a la tecnolog\u00eda Gigabit Ethernet. Aumente tanto la&hellip;<\/p>\n","protected":false},"featured_media":115,"comment_status":"open","ping_status":"closed","template":"","meta":[],"product_cat":[36],"product_tag":[],"_links":{"self":[{"href":"https:\/\/www.pantanet.com.ar\/index.php?rest_route=\/wp\/v2\/product\/114"}],"collection":[{"href":"https:\/\/www.pantanet.com.ar\/index.php?rest_route=\/wp\/v2\/product"}],"about":[{"href":"https:\/\/www.pantanet.com.ar\/index.php?rest_route=\/wp\/v2\/types\/product"}],"replies":[{"embeddable":true,"href":"https:\/\/www.pantanet.com.ar\/index.php?rest_route=%2Fwp%2Fv2%2Fcomments&post=114"}],"wp:featuredmedia":[{"embeddable":true,"href":"https:\/\/www.pantanet.com.ar\/index.php?rest_route=\/wp\/v2\/media\/115"}],"wp:attachment":[{"href":"https:\/\/www.pantanet.com.ar\/index.php?rest_route=%2Fwp%2Fv2%2Fmedia&parent=114"}],"wp:term":[{"taxonomy":"product_cat","embeddable":true,"href":"https:\/\/www.pantanet.com.ar\/index.php?rest_route=%2Fwp%2Fv2%2Fproduct_cat&post=114"},{"taxonomy":"product_tag","embeddable":true,"href":"https:\/\/www.pantanet.com.ar\/index.php?rest_route=%2Fwp%2Fv2%2Fproduct_tag&post=114"}],"curies":[{"name":"wp","href":"https:\/\/api.w.org\/{rel}","templated":true}]}}